{"id":28999,"date":"2024-05-15T08:37:37","date_gmt":"2024-05-15T08:37:37","guid":{"rendered":"https:\/\/keraspa.com\/?post_type=product&#038;p=28999"},"modified":"2024-09-22T13:50:29","modified_gmt":"2024-09-22T13:50:29","slug":"blo-volumizing-spray-with-hyaluronic-acid-160-ml","status":"publish","type":"product","link":"https:\/\/keraspa.com\/fr\/produit\/blo-volumizing-spray-with-hyaluronic-acid-160-ml\/","title":{"rendered":"Blo Volumizing Spray avec de l\u2019acide hyaluronique 160 Ml"},"content":{"rendered":"<p>S\u00e9chez vos cheveux plus rapidement avec ce spray volumisant\u00a0! Ce produit unique s\u2019efforce de cr\u00e9er un volume et une texture flexibles tout en prot\u00e9geant vos cheveux de la chaleur pendant le processus de coiffage.<\/p>\n<p>Avec un seul spray, ajoutez du volume o\u00f9 vous voulez, quand vous voulez\u00a0!<\/p>\n<p><strong>Mode d\u2019emplo:<\/strong> Vaporisez sur cheveux mouill\u00e9s.Peignez et coiffez avec un s\u00e9choir et une brosse ronde pour cr\u00e9er le volume souhait\u00e9<\/p>","protected":false},"excerpt":{"rendered":"<p><span data-sheets-root=\"1\" data-sheets-value=\"{&quot;1&quot;:2,&quot;2&quot;:&quot;VOLUMIZING SPRAY &quot;}\" data-sheets-userformat=\"{&quot;2&quot;:513,&quot;3&quot;:{&quot;1&quot;:0},&quot;12&quot;:0}\">VAPORISATEUR DE VOLUMISATION <\/span><\/p>","protected":false},"featured_media":29064,"comment_status":"open","ping_status":"closed","template":"","meta":{"_et_pb_use_builder":"off","_et_pb_old_content":"<span data-sheets-root=\"1\" data-sheets-value=\"{\" data-sheets-userformat=\"{\">163 ML\/ 5.4 OZ<\/span>","_et_gb_content_width":""},"product_brand":[],"product_cat":[38],"product_tag":[],"class_list":{"0":"post-28999","1":"product","2":"type-product","3":"status-publish","4":"has-post-thumbnail","6":"product_cat-styling-product","8":"first","9":"instock","10":"sale","11":"taxable","12":"shipping-taxable","13":"purchasable","14":"product-type-simple"},"_links":{"self":[{"href":"https:\/\/keraspa.com\/fr\/wp-json\/wp\/v2\/product\/28999","targetHints":{"allow":["GET"]}}],"collection":[{"href":"https:\/\/keraspa.com\/fr\/wp-json\/wp\/v2\/product"}],"about":[{"href":"https:\/\/keraspa.com\/fr\/wp-json\/wp\/v2\/types\/product"}],"replies":[{"embeddable":true,"href":"https:\/\/keraspa.com\/fr\/wp-json\/wp\/v2\/comments?post=28999"}],"wp:featuredmedia":[{"embeddable":true,"href":"https:\/\/keraspa.com\/fr\/wp-json\/wp\/v2\/media\/29064"}],"wp:attachment":[{"href":"https:\/\/keraspa.com\/fr\/wp-json\/wp\/v2\/media?parent=28999"}],"wp:term":[{"taxonomy":"product_brand","embeddable":true,"href":"https:\/\/keraspa.com\/fr\/wp-json\/wp\/v2\/product_brand?post=28999"},{"taxonomy":"product_cat","embeddable":true,"href":"https:\/\/keraspa.com\/fr\/wp-json\/wp\/v2\/product_cat?post=28999"},{"taxonomy":"product_tag","embeddable":true,"href":"https:\/\/keraspa.com\/fr\/wp-json\/wp\/v2\/product_tag?post=28999"}],"curies":[{"name":"wp","href":"https:\/\/api.w.org\/{rel}","templated":true}]}}