{"id":28998,"date":"2024-05-15T08:36:19","date_gmt":"2024-05-15T08:36:19","guid":{"rendered":"https:\/\/keraspa.com\/?post_type=product&#038;p=28998"},"modified":"2024-09-22T13:50:37","modified_gmt":"2024-09-22T13:50:37","slug":"bounce-curl-enhancing-balm-160-ml","status":"publish","type":"product","link":"https:\/\/keraspa.com\/fr\/produit\/bounce-curl-enhancing-balm-160-ml\/","title":{"rendered":"Bounce Curl Am\u00e9lioration Baume 160 Ml"},"content":{"rendered":"<p>Cr\u00e9e instantan\u00e9ment des vagues ou des boucles souples sur des cheveux cr\u00e9pus ou fris\u00e9s tout en hydra- tant vos cheveux. Sa formule riche en prot\u00e9ines de bl\u00e9 hydrolys\u00e9es, Acide Hyaluronique et de k\u00e9ratine, nourrit les cheveux, tout en transformant les frisottis en boucles d\u00e9finies et souples.<\/p>\n<ul>\n<li>Boucles avec une bonne tenue et soyeuses<\/li>\n<li>Anti-frisottis<\/li>\n<li>Hydratant<\/li>\n<\/ul>\n<p><strong>Mode d\u2019emplo: <\/strong>Appliquez sur des cheveux propres et\nhumides. Distribuez uniform\u00e9ment. S\u00e9chez avec un diffuseur ou laissez s\u00e9cher naturellement.<\/p>","protected":false},"excerpt":{"rendered":"<p><span data-sheets-root=\"1\" data-sheets-value=\"{&quot;1&quot;:2,&quot;2&quot;:&quot;CURL ENHANCING BALM&quot;}\" data-sheets-userformat=\"{&quot;2&quot;:513,&quot;3&quot;:{&quot;1&quot;:0},&quot;12&quot;:0}\">CURL AM\u00c9LIORATION BAUME<\/span><\/p>","protected":false},"featured_media":29066,"comment_status":"open","ping_status":"closed","template":"","meta":{"_et_pb_use_builder":"","_et_pb_old_content":"","_et_gb_content_width":""},"product_brand":[],"product_cat":[38],"product_tag":[],"class_list":{"0":"post-28998","1":"product","2":"type-product","3":"status-publish","4":"has-post-thumbnail","6":"product_cat-styling-product","8":"first","9":"instock","10":"sale","11":"taxable","12":"shipping-taxable","13":"purchasable","14":"product-type-simple"},"_links":{"self":[{"href":"https:\/\/keraspa.com\/fr\/wp-json\/wp\/v2\/product\/28998","targetHints":{"allow":["GET"]}}],"collection":[{"href":"https:\/\/keraspa.com\/fr\/wp-json\/wp\/v2\/product"}],"about":[{"href":"https:\/\/keraspa.com\/fr\/wp-json\/wp\/v2\/types\/product"}],"replies":[{"embeddable":true,"href":"https:\/\/keraspa.com\/fr\/wp-json\/wp\/v2\/comments?post=28998"}],"wp:featuredmedia":[{"embeddable":true,"href":"https:\/\/keraspa.com\/fr\/wp-json\/wp\/v2\/media\/29066"}],"wp:attachment":[{"href":"https:\/\/keraspa.com\/fr\/wp-json\/wp\/v2\/media?parent=28998"}],"wp:term":[{"taxonomy":"product_brand","embeddable":true,"href":"https:\/\/keraspa.com\/fr\/wp-json\/wp\/v2\/product_brand?post=28998"},{"taxonomy":"product_cat","embeddable":true,"href":"https:\/\/keraspa.com\/fr\/wp-json\/wp\/v2\/product_cat?post=28998"},{"taxonomy":"product_tag","embeddable":true,"href":"https:\/\/keraspa.com\/fr\/wp-json\/wp\/v2\/product_tag?post=28998"}],"curies":[{"name":"wp","href":"https:\/\/api.w.org\/{rel}","templated":true}]}}