{"id":28997,"date":"2024-05-15T08:34:58","date_gmt":"2024-05-15T08:34:58","guid":{"rendered":"https:\/\/keraspa.com\/?post_type=product&#038;p=28997"},"modified":"2024-09-22T13:50:47","modified_gmt":"2024-09-22T13:50:47","slug":"kera-14-hair-potion-160-ml","status":"publish","type":"product","link":"https:\/\/keraspa.com\/fr\/produit\/kera-14-hair-potion-160-ml\/","title":{"rendered":"Kera 14 Potion de cheveux 160 ML"},"content":{"rendered":"<p>Ce produit innovants enrichie de prot\u00e9ines,\nd\u2019antioxydants, acides amin\u00e9s, vitamines et huiles\nAmazoniennes. <strong>Allows<\/strong><\/p>\n<ul>\n<li>Restaurer les prot\u00e9ines<\/li>\n<li>Prot\u00e8ge de la chaleur<\/li>\n<li>Une protection a large spectre (UVA et UVB)<\/li>\n<li>Ingr\u00e9dients cl\u00e9s<\/li>\n<li>Complexe fortifiant prot\u00e9in\u00e9<\/li>\n<\/ul>\n<p><strong>Huile de Buriti et de noix du Br\u00e9sil<\/strong><\/p>\n<p>Cette huile de buriti est tr\u00e8s riche en pro-vitamine\nA (b\u00eata-carot\u00e8ne). De ce fait, elle poss\u00e8de de nombreux bienfaits cosm\u00e9tiques qui profitent \u00e0 la peau, et aux cheveux. Hydrate la fibre capillaire en profondeur et pour prot\u00e9ger les cheveux des effets n\u00e9fastes du soleil<\/p>\n<p><strong>Huile de son de riz<\/strong><\/p>\n<p>Cette huile poss\u00e8de aussi des vertus antipelliculaires et convient aussi aux cuirs chevelus gras et sensibles.<\/p>\n<p><strong>Huile de graines Limnanthe<\/strong><\/p>\n<p>Elle est souvent utilis\u00e9e dans les produits de soins \ncapillaires pour aider \u00e0 renforcer les cheveux et r\u00e9duire  les frisottis. De plus, elle peut \u00e9galement apaiser et hydrater la peau, r\u00e9duire les signes du vieillissement et am\u00e9liorer l\u2019apparence globale de la peau.<\/p>","protected":false},"excerpt":{"rendered":"<p><span data-sheets-root=\"1\" data-sheets-value=\"{&quot;1&quot;:2,&quot;2&quot;:&quot;14 IN 1 LEAVE IN CONDITIONER &quot;}\" data-sheets-userformat=\"{&quot;2&quot;:513,&quot;3&quot;:{&quot;1&quot;:0},&quot;12&quot;:0}\">14 SUR 1 CONG\u00c9 EN CONDITIONNEUR <\/span><\/p>","protected":false},"featured_media":29067,"comment_status":"open","ping_status":"closed","template":"","meta":{"_et_pb_use_builder":"off","_et_pb_old_content":"This innovative product enriched with proteins, antioxidants, amino acids, vitamins and Amazonian oils.\r\n\r\n<strong>Allows<\/strong>\r\n<ul>\r\n \t<li>Restore proteins<\/li>\r\n \t<li>Protects from heat<\/li>\r\n \t<li>Broad spectrum protection (UVA and UVB)<\/li>\r\n \t<li>Key ingredients<\/li>\r\n \t<li>Strengthening protein complex<\/li>\r\n<\/ul>\r\n<strong>Buriti and Brazil nut oil<\/strong>\r\n\r\nBuriti and Brazil nut oil is very rich in pro-vitamin A (beta-carotene). As a result, it has many cosmetic benefits that benefit the skin and hair. Moisturizes the hair fiber in depth and to protect the hair from the harmful effects of the sun.\r\n\r\n<strong>Rice bran oil<\/strong>\r\n\r\nThis oil also has anti-dandruff properties and is also suitable for oily and sensitive scalps.\r\n\r\n<strong>Limnanthe seed oil<\/strong>\r\n\r\nIt is often used in hair care products to help strengthen hair and reduce frizz. Additionally, it can also soothe and hydrate the skin, reduce signs of aging, and also improve the overall appearance of the skin.","_et_gb_content_width":""},"product_brand":[],"product_cat":[38],"product_tag":[],"class_list":{"0":"post-28997","1":"product","2":"type-product","3":"status-publish","4":"has-post-thumbnail","6":"product_cat-styling-product","8":"first","9":"instock","10":"sale","11":"taxable","12":"shipping-taxable","13":"purchasable","14":"product-type-simple"},"_links":{"self":[{"href":"https:\/\/keraspa.com\/fr\/wp-json\/wp\/v2\/product\/28997","targetHints":{"allow":["GET"]}}],"collection":[{"href":"https:\/\/keraspa.com\/fr\/wp-json\/wp\/v2\/product"}],"about":[{"href":"https:\/\/keraspa.com\/fr\/wp-json\/wp\/v2\/types\/product"}],"replies":[{"embeddable":true,"href":"https:\/\/keraspa.com\/fr\/wp-json\/wp\/v2\/comments?post=28997"}],"wp:featuredmedia":[{"embeddable":true,"href":"https:\/\/keraspa.com\/fr\/wp-json\/wp\/v2\/media\/29067"}],"wp:attachment":[{"href":"https:\/\/keraspa.com\/fr\/wp-json\/wp\/v2\/media?parent=28997"}],"wp:term":[{"taxonomy":"product_brand","embeddable":true,"href":"https:\/\/keraspa.com\/fr\/wp-json\/wp\/v2\/product_brand?post=28997"},{"taxonomy":"product_cat","embeddable":true,"href":"https:\/\/keraspa.com\/fr\/wp-json\/wp\/v2\/product_cat?post=28997"},{"taxonomy":"product_tag","embeddable":true,"href":"https:\/\/keraspa.com\/fr\/wp-json\/wp\/v2\/product_tag?post=28997"}],"curies":[{"name":"wp","href":"https:\/\/api.w.org\/{rel}","templated":true}]}}