{"id":28996,"date":"2024-05-15T08:33:44","date_gmt":"2024-05-15T08:33:44","guid":{"rendered":"https:\/\/keraspa.com\/?post_type=product&#038;p=28996"},"modified":"2024-09-22T13:50:54","modified_gmt":"2024-09-22T13:50:54","slug":"kera-plus-creme-coiffante-styling-cream-160-ml","status":"publish","type":"product","link":"https:\/\/keraspa.com\/fr\/produit\/kera-plus-creme-coiffante-styling-cream-160-ml\/","title":{"rendered":"Kera Plus Creme Coiffante \/ Cr\u00e8me coiffante 160 Ml"},"content":{"rendered":"<p><strong>Smoothes hair instantly. Removes Frizz. Repairs. Revitalizes. Moisturizes. Closes Cuticles<\/strong><\/p>\n<p>Cette cr\u00e8me coiffante vous permet un s\u00e9chage parfait. Formul\u00e9e avec de la k\u00e9ratine, des prot\u00e9ines de soja hydrolys\u00e9es et de l\u2019acide hyaluronique, cette cr\u00e8me de coiffage offre une d\u00e9finition durable et un contr\u00f4le\ndes frisottis avec une finition lisse et brillante, tout en r\u00e9parant, revitalisant et r\u00e9duisant l\u2019amincissement des cheveux. Ce produit peut \u00eatre appliqu\u00e9 sur tous les types de cheveux - boucl\u00e9s, cr\u00e9pus ou ab\u00eem\u00e9s.<\/p>\n<p><strong>Mode d\u2019emplo:<\/strong> Appliquez une petite quantit\u00e9\nsur cheveux humides des mi-longueurs jusqu\u2019aux\npointes. S\u00e9chez et utilisez le fer plat.<\/p>","protected":false},"excerpt":{"rendered":"<p><span data-sheets-root=\"1\" data-sheets-value=\"{&quot;1&quot;:2,&quot;2&quot;:&quot;STYLING CREAM&quot;}\" data-sheets-userformat=\"{&quot;2&quot;:513,&quot;3&quot;:{&quot;1&quot;:0},&quot;12&quot;:0}\">CR\u00c8ME COIFFANTE<\/span><\/p>","protected":false},"featured_media":29069,"comment_status":"open","ping_status":"closed","template":"","meta":{"_et_pb_use_builder":"","_et_pb_old_content":"","_et_gb_content_width":""},"product_brand":[],"product_cat":[38],"product_tag":[],"class_list":{"0":"post-28996","1":"product","2":"type-product","3":"status-publish","4":"has-post-thumbnail","6":"product_cat-styling-product","8":"first","9":"instock","10":"sale","11":"taxable","12":"shipping-taxable","13":"purchasable","14":"product-type-simple"},"_links":{"self":[{"href":"https:\/\/keraspa.com\/fr\/wp-json\/wp\/v2\/product\/28996","targetHints":{"allow":["GET"]}}],"collection":[{"href":"https:\/\/keraspa.com\/fr\/wp-json\/wp\/v2\/product"}],"about":[{"href":"https:\/\/keraspa.com\/fr\/wp-json\/wp\/v2\/types\/product"}],"replies":[{"embeddable":true,"href":"https:\/\/keraspa.com\/fr\/wp-json\/wp\/v2\/comments?post=28996"}],"wp:featuredmedia":[{"embeddable":true,"href":"https:\/\/keraspa.com\/fr\/wp-json\/wp\/v2\/media\/29069"}],"wp:attachment":[{"href":"https:\/\/keraspa.com\/fr\/wp-json\/wp\/v2\/media?parent=28996"}],"wp:term":[{"taxonomy":"product_brand","embeddable":true,"href":"https:\/\/keraspa.com\/fr\/wp-json\/wp\/v2\/product_brand?post=28996"},{"taxonomy":"product_cat","embeddable":true,"href":"https:\/\/keraspa.com\/fr\/wp-json\/wp\/v2\/product_cat?post=28996"},{"taxonomy":"product_tag","embeddable":true,"href":"https:\/\/keraspa.com\/fr\/wp-json\/wp\/v2\/product_tag?post=28996"}],"curies":[{"name":"wp","href":"https:\/\/api.w.org\/{rel}","templated":true}]}}