{"id":28992,"date":"2024-05-15T08:27:42","date_gmt":"2024-05-15T08:27:42","guid":{"rendered":"https:\/\/keraspa.com\/?post_type=product&#038;p=28992"},"modified":"2024-10-14T15:50:40","modified_gmt":"2024-10-14T15:50:40","slug":"step-1-2-collagene","status":"publish","type":"product","link":"https:\/\/keraspa.com\/fr\/produit\/step-1-2-collagene\/","title":{"rendered":"\u00c9tape 1 et 2 Collag\u00e8ne"},"content":{"rendered":"<h4>COLLAGEN TREATMENT<\/h4>\n<p><strong>\u00c9tape 1<\/strong><\/p>\n<p>Le traitement au collag\u00e8ne Instant Hair\nTherapy est un excellent moyen de reconstituer les prot\u00e9ines des cheveux et d\u2019augmenter leur brillance et leur douceur au toucher. Il r\u00e9g\u00e9n\u00e8re les prot\u00e9ines et la k\u00e9ratine dans les cheveux, nettoie, revitalise, r\u00e9duit le volume et les frisottis en un seul traitement. Il contient\n\u00e9galement des cyst\u00e9ines et des prot\u00e9ines de bl\u00e9 qui s\u2019activent sur tous les types de cheveux. Ce traitement pourrait prolonger la long\u00e9vit\u00e9 d\u2019un traitement de lissage. Kera Express est un produit 5 en 1 et peut \u00eatre appliqu\u00e9 une fois par mois. Utilisez ensuite le Kera Protect Express.<\/p>\n<p><strong>\u00c9tape 2<\/strong><\/p>\n<p>Est un spray sans rin\u00e7age qui cr\u00e9e une protection sur les cheveux et facilite le processus de coiffage. Il contient de la k\u00e9ratine, des prot\u00e9ines de soie et de l\u2019huile pour sceller les cuticules. \u00c9limine les frisottis, prot\u00e8ge les cheveux de la chaleur et des radicaux libres.<\/p>\n<h4>HOW TO USE<\/h4>\n<p><strong>\u00c9tape 1<\/strong><\/p>\n<p>Mouillez soigneusement les cheveux; mesurez 5 gr. du traitement \u00c9tape 1 dans vos mains et frotter ensemble pour r\u00e9chauffer le produit. En r\u00e9chauffant le produit, vous verrez les fibres appara\u00eetre entre vos mains. Appliquez cette formule sur vos cheveux <strong>UNIQUEMENT<\/strong> pas sur le cuir chevelu  et massez les cheveux avec des mouvements dans la m\u00eame direction que les cuticules. Cette action cr\u00e9era de la mousse. Retirez la mousse et appliquez-la sur le cuir chevelu. Massez les cheveux de la m\u00eame mani\u00e8re que vous le feriez avec un shampooing, rincez et r\u00e9p\u00e9tez si n\u00e9cessaire cheveux sont encore sales.<\/p>\n<p><strong>\u00c9tape 2<\/strong><\/p>\n<p>Essuyez les cheveux avec une serviette et vaporisez  sur tous les cheveux, surtout sur les pointes. Peignez les cheveux et coiffez.<\/p>","protected":false},"excerpt":{"rendered":"<p><span data-sheets-root=\"1\" data-sheets-value=\"{&quot;1&quot;:2,&quot;2&quot;:&quot;COLLAGEN HAIR TREATMENT &quot;}\" data-sheets-userformat=\"{&quot;2&quot;:14851,&quot;3&quot;:{&quot;1&quot;:0},&quot;4&quot;:{&quot;1&quot;:2,&quot;2&quot;:16777215},&quot;12&quot;:0,&quot;14&quot;:{&quot;1&quot;:2,&quot;2&quot;:2039583},&quot;15&quot;:&quot;\\&quot;Google Sans\\&quot;, Roboto, sans-serif&quot;,&quot;16&quot;:9}\">TRAITEMENT CAPILLAIRE AU COLLAG\u00c8NE <\/span><\/p>","protected":false},"featured_media":29073,"comment_status":"open","ping_status":"closed","template":"","meta":{"_et_pb_use_builder":"","_et_pb_old_content":"","_et_gb_content_width":""},"product_brand":[],"product_cat":[37],"product_tag":[],"class_list":{"0":"post-28992","1":"product","2":"type-product","3":"status-publish","4":"has-post-thumbnail","6":"product_cat-hair-treatment","8":"first","9":"instock","10":"taxable","11":"shipping-taxable","12":"product-type-simple"},"_links":{"self":[{"href":"https:\/\/keraspa.com\/fr\/wp-json\/wp\/v2\/product\/28992","targetHints":{"allow":["GET"]}}],"collection":[{"href":"https:\/\/keraspa.com\/fr\/wp-json\/wp\/v2\/product"}],"about":[{"href":"https:\/\/keraspa.com\/fr\/wp-json\/wp\/v2\/types\/product"}],"replies":[{"embeddable":true,"href":"https:\/\/keraspa.com\/fr\/wp-json\/wp\/v2\/comments?post=28992"}],"wp:featuredmedia":[{"embeddable":true,"href":"https:\/\/keraspa.com\/fr\/wp-json\/wp\/v2\/media\/29073"}],"wp:attachment":[{"href":"https:\/\/keraspa.com\/fr\/wp-json\/wp\/v2\/media?parent=28992"}],"wp:term":[{"taxonomy":"product_brand","embeddable":true,"href":"https:\/\/keraspa.com\/fr\/wp-json\/wp\/v2\/product_brand?post=28992"},{"taxonomy":"product_cat","embeddable":true,"href":"https:\/\/keraspa.com\/fr\/wp-json\/wp\/v2\/product_cat?post=28992"},{"taxonomy":"product_tag","embeddable":true,"href":"https:\/\/keraspa.com\/fr\/wp-json\/wp\/v2\/product_tag?post=28992"}],"curies":[{"name":"wp","href":"https:\/\/api.w.org\/{rel}","templated":true}]}}