{"id":28980,"date":"2024-05-15T07:08:55","date_gmt":"2024-05-15T07:08:55","guid":{"rendered":"https:\/\/keraspa.com\/?post_type=product&#038;p=28980"},"modified":"2024-10-14T15:46:35","modified_gmt":"2024-10-14T15:46:35","slug":"kera-3-final-liter-33-oz","status":"publish","type":"product","link":"https:\/\/keraspa.com\/fr\/produit\/kera-3-final-liter-33-oz\/","title":{"rendered":"Kera 3 Finale 1 Litre \/ 33 Oz"},"content":{"rendered":"<p>Kera 3 est la derni\u00e8re \u00e9tape du syst\u00e8me de lissage. Il restaure le pH des cheveux et scelle les cuticules. Il contient de l\u2019huile de babassu, du beurre de karit\u00e9, du collag\u00e8ne et de la k\u00e9ratine pour redonner la flexibilit\u00e9 tout en remplissant \u00e0 nouveau les cuticules des cheveux.<\/p>\n<h4>CYST\u00c9INE<\/h4>\n<ul>\n<li>Est un acide amin\u00e9 contenant du soufre que l\u2019on retrouve dans la plupart des prot\u00e9ines; il s\u2019oxyde lors de l\u2019exposition \u00e0 l\u2019air pour former de la cystine.<\/li>\n<li>La cystine est compos\u00e9e de deux cyst\u00e9ines li\u00e9es par une liaison disulfure.<\/li>\n<li>La cyst\u00e9ine aide \u00e0 garder les ongles, la peau et les cheveux en bonne sant\u00e9. Cet acide amin\u00e9 se trouve \u00e9galement dans le brocoli, l\u2019avoine, l\u2019ail et les oignons.<\/li>\n<li>L\u2019interconversion entre les formes oxyd\u00e9es et la cyst\u00e9ine r\u00e9duite permet au coiffeur de \u00abmodeler\u00bb les cheveux. Ce nouveau syst\u00e8me favorise la r\u00e9duction des boucles et r\u00e9pare les dommages caus\u00e9s par les processus chimiques en une seule \u00e9tape.<\/li>\n<li>La cyst\u00e9ine est utilis\u00e9e pour briser les ponts hydrog\u00e8ne dans les cheveux de la k\u00e9ratine; la mise en forme des cheveux devient alors possible.<\/li>\n<li>KeraSpa Intense a ajout\u00e9 plus de cyst\u00e9ines dans la formule, qui, combin\u00e9e au complexe Matrix Plus, remplit les cuticules en formant un bouclier protecteur,  modifiant ainsi la structure des cheveux, les laissant plus lisses et plus brillants.<\/li>\n<\/ul>\n<p>La cyst\u00e9ine aide \u00e0 garder les ongles, la peau et les cheveux en bonne sant\u00e9.<\/p>\n<h4>PRINCIPE DE LISSAGE<\/h4>\n<p>La formule KeraSpa Intense sans formald\u00e9hyde lisse les cheveux physiquement, en utilisant une synergie d\u2019acides  amin\u00e9s de cyst\u00e9ines. Le principal acide amin\u00e9 pr\u00e9sent  dans la k\u00e9ratine est la cyst\u00e9ine, 34% des cheveux sont responsables des liaisons cyst\u00e9ine. La cyst\u00e9ine peut  interagir avec une autre cyst\u00e9ine de la m\u00eame cha\u00eene et former une liaison covalente. Ces liaisons sont responsables des \u00abvagues\u00bb qui apparaissent dans nos cheveux<\/p>\n<h4>K\u00c9RATINE<\/h4>\n<p><strong>90% des cheveux sont compos\u00e9s d\u2019une prot\u00e9ine: \nAlpha-k\u00e9ratine<\/strong><\/p>\n<p>La k\u00e9ratine est une prot\u00e9ine fibreuse tr\u00e8s r\u00e9sistante constitu\u00e9e  d\u2019acides amin\u00e9s \u00e0 longues cha\u00eenes, align\u00e9e dans le sens de  l\u2019axe vertical des cheveux et compos\u00e9e de multiples fibrilles  torsad\u00e9es. La composition peptidique, d\u00e9termine la charge  n\u00e9gative des cheveux (polym\u00e8res d\u2019acides amin\u00e9s).  La cha\u00eene polypeptidique s\u2019installe et forme la fibre capillaire (cha\u00eene d\u2019acides amin\u00e9s li\u00e9s entre eux).<\/p>\n<h4>INGR\u00c9DIENTS:<\/h4>\n<p><strong>Huile de Babassu<\/strong><\/p>\n<p>L\u2019huile de noix de Babassu est la troisi\u00e8me huile de palme la plus importante au monde. Elle pousse \u00e0 l\u2019\u00e9tat sauvage dans le nord-est du Br\u00e9sil. La noix produit une huile pr\u00e9cieuse  utilis\u00e9e pour le savon, le conditionnement des cheveux, etc. C\u2019est une huile qui p\u00e9n\u00e8tre rapidement.<\/p>\n<p><strong>Glyc\u00e9rine<\/strong><\/p>\n<p>Agent hydratant \u2013 Prot\u00e8ge les cheveux contre la d\u00e9shydratation<\/p>\n<p><strong>Polyquaternium-7<\/strong><\/p>\n<p>Pr\u00e9vient l\u2019accumulation de statique et cr\u00e9e une fine couche pour absorber l\u2019hydratation dans les tiges capillaires<\/p>\n<p><strong>Huile de germe de bl\u00e9: Om\u00e9ga 6<\/strong><\/p>\n<p><strong>Vitamine E : Antioxydant<\/strong><\/p>","protected":false},"excerpt":{"rendered":"<p><span data-sheets-root=\"1\" data-sheets-value=\"{&quot;1&quot;:2,&quot;2&quot;:&quot;KERA 3 MASK, 3RD STEP OF KERASPA SMOOTHING TREATMENT &quot;}\" data-sheets-userformat=\"{&quot;2&quot;:513,&quot;3&quot;:{&quot;1&quot;:0},&quot;12&quot;:0}\">MASQUE KERA 3, 3\u00c8ME \u00c9TAPE DU TRAITEMENT DE LISSAGE KERASPA <\/span><\/p>","protected":false},"featured_media":30330,"comment_status":"open","ping_status":"closed","template":"","meta":{"_et_pb_use_builder":"","_et_pb_old_content":"","_et_gb_content_width":""},"product_brand":[],"product_cat":[35],"product_tag":[],"class_list":{"0":"post-28980","1":"product","2":"type-product","3":"status-publish","4":"has-post-thumbnail","6":"product_cat-professional-smoothing-treatment","8":"first","9":"instock","10":"taxable","11":"shipping-taxable","12":"product-type-simple"},"_links":{"self":[{"href":"https:\/\/keraspa.com\/fr\/wp-json\/wp\/v2\/product\/28980","targetHints":{"allow":["GET"]}}],"collection":[{"href":"https:\/\/keraspa.com\/fr\/wp-json\/wp\/v2\/product"}],"about":[{"href":"https:\/\/keraspa.com\/fr\/wp-json\/wp\/v2\/types\/product"}],"replies":[{"embeddable":true,"href":"https:\/\/keraspa.com\/fr\/wp-json\/wp\/v2\/comments?post=28980"}],"wp:featuredmedia":[{"embeddable":true,"href":"https:\/\/keraspa.com\/fr\/wp-json\/wp\/v2\/media\/30330"}],"wp:attachment":[{"href":"https:\/\/keraspa.com\/fr\/wp-json\/wp\/v2\/media?parent=28980"}],"wp:term":[{"taxonomy":"product_brand","embeddable":true,"href":"https:\/\/keraspa.com\/fr\/wp-json\/wp\/v2\/product_brand?post=28980"},{"taxonomy":"product_cat","embeddable":true,"href":"https:\/\/keraspa.com\/fr\/wp-json\/wp\/v2\/product_cat?post=28980"},{"taxonomy":"product_tag","embeddable":true,"href":"https:\/\/keraspa.com\/fr\/wp-json\/wp\/v2\/product_tag?post=28980"}],"curies":[{"name":"wp","href":"https:\/\/api.w.org\/{rel}","templated":true}]}}