{"id":28993,"date":"2024-05-15T08:29:25","date_gmt":"2024-05-15T08:29:25","guid":{"rendered":"https:\/\/keraspa.com\/?post_type=product&#038;p=28993"},"modified":"2024-10-14T16:09:29","modified_gmt":"2024-10-14T16:09:29","slug":"botox-1-shampoo-clarifying-300-ml-10-oz","status":"publish","type":"product","link":"http:\/\/keraspa.com\/fr\/produit\/botox-1-shampoo-clarifying-300-ml-10-oz\/","title":{"rendered":"Botox 1 Shampooing Clarifiant 300 Ml \/ 10 Oz"},"content":{"rendered":"<p>Traitement profond Botox avec une nouvelle formule sans produits chimiques. Fortifie les follicules capillaires et renforce les cheveux. Botox \u00e9limine les frisottis et am\u00e9liore aussi les boucles.<\/p>\n<h4>Ingr\u00e9dients actifs<\/h4>\n<ul>\n<li>Acide Hyaluronique<\/li>\n<li>Collag\u00e8ne<\/li>\n<li>Acide amin\u00e9s<\/li>\n<li>Huiles et beurre du Br\u00e9sil<\/li>\n<li>Micro Prot\u00e9ine de K\u00e9ratine<\/li>\n<\/ul>\n<p><strong>\u00c9tape 1<\/strong> Laver les cheveux avec Botox I<\/p>\n<p><strong>\u00c9tape 2<\/strong> Appliquer soigneusement sur une m\u00e8ches \u00e0 la fois.Enlever le surplus avec un peigne.Temps de pause de 50 minutes, rincer \u00e0 80 %.Proc\u00e9der au brushing et plaquer avec un fer plat de 5 \u00e0 7 fois<\/p>","protected":false},"excerpt":{"rendered":"<p><span data-sheets-root=\"1\" data-sheets-value=\"{&quot;1&quot;:2,&quot;2&quot;:&quot;HAIR TREATMENT STEP 1&quot;}\" data-sheets-userformat=\"{&quot;2&quot;:513,&quot;3&quot;:{&quot;1&quot;:0},&quot;12&quot;:0}\">TRAITEMENT CAPILLAIRE \u00c9TAPE 1<\/span><\/p>","protected":false},"featured_media":29072,"comment_status":"open","ping_status":"closed","template":"","meta":{"_et_pb_use_builder":"off","_et_pb_old_content":"Botox deep treatment with a new chemical free formula. Fortifies hair follicles and strengthens hair. Botox eliminates frizz and improves curls.\r\n\r\n<strong>Active ingredients<\/strong> \u2022 Hyaluronic Acid \u2022 Collagen \u2022 Amino acids \u2022 Brazilian oils and butter \u2022 Keratin Micro Proteins\r\n\r\n<strong>Step 1<\/strong> Wash hair with Botox I, repeat and apply Botox II treatment.\r\n\r\n<strong>Step 2<\/strong> Apply carefully to one strand at a time. Remove excess with a comb. Leave in for 50 minutes, rinse at 80%. Blow-dry and flat iron 5-7 time.\r\n\r\nTraitement profond Botox avec une nouvelle formule sans produits chimiques. Fortifie les follicules capillaires et renforce les cheveux. Botox \u00e9limine les frisottis et am\u00e9liore aussi les boucles.\r\n\r\n<strong>Ingr\u00e9dients actifs<\/strong> \u2022 Acide Hyaluronique \u2022 Collag\u00e8ne \u2022 Acide amin\u00e9s \u2022 Huiles et beurre du Br\u00e9sil \u2022 Micro Prot\u00e9ine de K\u00e9ratin\r\n\r\n<strong>\u00c9tape 1<\/strong> Laver les cheveux avec Botox I, r\u00e9p\u00e9ter et appliquer le traitement Botox II.\r\n\r\n<strong>\u00c9tape 2<\/strong> Appliquer soigneusement sur une m\u00e8ches \u00e0 la fois. Enlever le surplus avec un peigne. Temps de pause de 50 minutes, rincer \u00e0 80 %. Proc\u00e9der au brushing et plaquer avec un fer plat de 5 \u00e0 7 fois.","_et_gb_content_width":""},"product_brand":[],"product_cat":[22],"product_tag":[],"class_list":{"0":"post-28993","1":"product","2":"type-product","3":"status-publish","4":"has-post-thumbnail","6":"product_cat-botox","8":"first","9":"instock","10":"sale","11":"taxable","12":"shipping-taxable","13":"purchasable","14":"product-type-simple"},"_links":{"self":[{"href":"http:\/\/keraspa.com\/fr\/wp-json\/wp\/v2\/product\/28993","targetHints":{"allow":["GET"]}}],"collection":[{"href":"http:\/\/keraspa.com\/fr\/wp-json\/wp\/v2\/product"}],"about":[{"href":"http:\/\/keraspa.com\/fr\/wp-json\/wp\/v2\/types\/product"}],"replies":[{"embeddable":true,"href":"http:\/\/keraspa.com\/fr\/wp-json\/wp\/v2\/comments?post=28993"}],"wp:featuredmedia":[{"embeddable":true,"href":"http:\/\/keraspa.com\/fr\/wp-json\/wp\/v2\/media\/29072"}],"wp:attachment":[{"href":"http:\/\/keraspa.com\/fr\/wp-json\/wp\/v2\/media?parent=28993"}],"wp:term":[{"taxonomy":"product_brand","embeddable":true,"href":"http:\/\/keraspa.com\/fr\/wp-json\/wp\/v2\/product_brand?post=28993"},{"taxonomy":"product_cat","embeddable":true,"href":"http:\/\/keraspa.com\/fr\/wp-json\/wp\/v2\/product_cat?post=28993"},{"taxonomy":"product_tag","embeddable":true,"href":"http:\/\/keraspa.com\/fr\/wp-json\/wp\/v2\/product_tag?post=28993"}],"curies":[{"name":"wp","href":"https:\/\/api.w.org\/{rel}","templated":true}]}}