{"id":28989,"date":"2024-05-15T08:22:55","date_gmt":"2024-05-15T08:22:55","guid":{"rendered":"https:\/\/keraspa.com\/?post_type=product&#038;p=28989"},"modified":"2024-09-22T13:51:41","modified_gmt":"2024-09-22T13:51:41","slug":"rejuvinating-gluten-free-conditioner-1-liter-33-oz","status":"publish","type":"product","link":"http:\/\/keraspa.com\/fr\/produit\/rejuvinating-gluten-free-conditioner-1-liter-33-oz\/","title":{"rendered":"Rajeunissant Conditionneur sans gluten 1 Litre \/ 33 Oz"},"content":{"rendered":"<p>Revitalisant formul\u00e9 avec un complexe de beurre\nde karit\u00e9 et de prot\u00e9ines de riz hydrolys\u00e9es; ce\nrevitalisant nourrit et ravive vos cheveux. Sa formule\nriche en acides gras et en acides amin\u00e9s revitalise,\nrestaure et d\u00e9m\u00eale instantan\u00e9ment vos cheveux en\nles rendant doux et soyeux.<\/p>\n<p><strong>Mode d\u2019emplo:<\/strong> Appliquez sur cheveux mouill\u00e9s, massez le cuir chevelu et rincez. Pour de meilleurs r\u00e9sultats, utilisez le shampooing Instant Hair Therapy<\/p>","protected":false},"excerpt":{"rendered":"<p><span data-sheets-root=\"1\" data-sheets-value=\"{&quot;1&quot;:2,&quot;2&quot;:&quot;REJUVENATING CONDITIONER &quot;}\" data-sheets-userformat=\"{&quot;2&quot;:513,&quot;3&quot;:{&quot;1&quot;:0},&quot;12&quot;:0}\">RE RAJEUNISSANT CONDITIONNEUR <\/span><\/p>","protected":false},"featured_media":29079,"comment_status":"open","ping_status":"closed","template":"","meta":{"_et_pb_use_builder":"","_et_pb_old_content":"","_et_gb_content_width":""},"product_brand":[],"product_cat":[36,31],"product_tag":[],"class_list":{"0":"post-28989","1":"product","2":"type-product","3":"status-publish","4":"has-post-thumbnail","6":"product_cat-everyday-maintenance","7":"product_cat-instant-hair-therapy","9":"first","10":"instock","11":"sale","12":"taxable","13":"shipping-taxable","14":"purchasable","15":"product-type-simple"},"_links":{"self":[{"href":"http:\/\/keraspa.com\/fr\/wp-json\/wp\/v2\/product\/28989","targetHints":{"allow":["GET"]}}],"collection":[{"href":"http:\/\/keraspa.com\/fr\/wp-json\/wp\/v2\/product"}],"about":[{"href":"http:\/\/keraspa.com\/fr\/wp-json\/wp\/v2\/types\/product"}],"replies":[{"embeddable":true,"href":"http:\/\/keraspa.com\/fr\/wp-json\/wp\/v2\/comments?post=28989"}],"wp:featuredmedia":[{"embeddable":true,"href":"http:\/\/keraspa.com\/fr\/wp-json\/wp\/v2\/media\/29079"}],"wp:attachment":[{"href":"http:\/\/keraspa.com\/fr\/wp-json\/wp\/v2\/media?parent=28989"}],"wp:term":[{"taxonomy":"product_brand","embeddable":true,"href":"http:\/\/keraspa.com\/fr\/wp-json\/wp\/v2\/product_brand?post=28989"},{"taxonomy":"product_cat","embeddable":true,"href":"http:\/\/keraspa.com\/fr\/wp-json\/wp\/v2\/product_cat?post=28989"},{"taxonomy":"product_tag","embeddable":true,"href":"http:\/\/keraspa.com\/fr\/wp-json\/wp\/v2\/product_tag?post=28989"}],"curies":[{"name":"wp","href":"https:\/\/api.w.org\/{rel}","templated":true}]}}