{"id":28987,"date":"2024-05-15T07:31:12","date_gmt":"2024-05-15T07:31:12","guid":{"rendered":"https:\/\/keraspa.com\/?post_type=product&#038;p=28987"},"modified":"2024-09-22T13:51:55","modified_gmt":"2024-09-22T13:51:55","slug":"rejuvinating-gluten-free-shampoo-liter-33-oz","status":"publish","type":"product","link":"http:\/\/keraspa.com\/fr\/produit\/rejuvinating-gluten-free-shampoo-liter-33-oz\/","title":{"rendered":"Rajeunissement Shampooing sans gluten 1 Litre \/ 33 Oz"},"content":{"rendered":"<p>Instant Hair Therapy est un complexe de beurre de\nkarit\u00e9 et de prot\u00e9ines de riz hydrolys\u00e9es sp\u00e9cialement\ncon\u00e7u pour les cheveux secs, sans vie et ternes qui\nont \u00e9t\u00e9 trait\u00e9s chimiquement ou endommag\u00e9s par la\npollution et l\u2019exposition au soleil. Notre technologie de\nrajeunissement nourrit, fortifie et ajoute de la brillance\n\u00e0 vos cheveux en leur donnant une sensation et un\naspect sains.<\/p>\n<p><strong>Mode d\u2019emplo:<\/strong> Appliquez sur cheveux mouill\u00e9s,\nmassez le cuir chevelu et rincez. Pour de meilleurs\nr\u00e9sultats, utilisez le revitalisant Instant Hair Therapy<\/p>\n<p><strong>V\u00c9G\u00c9TALIEN \u2022 SANS GLUTEN \u2022 SANS SULFATE SANS PARAB\u00c8NE \u2022 AUCUN COLORANT ARTIFICIEL<\/strong><\/p>","protected":false},"excerpt":{"rendered":"<p><span data-sheets-root=\"1\" data-sheets-value=\"{&quot;1&quot;:2,&quot;2&quot;:&quot;REJUVENATING SHAMPOO&quot;}\" data-sheets-userformat=\"{&quot;2&quot;:513,&quot;3&quot;:{&quot;1&quot;:0},&quot;12&quot;:0}\">SHAMPOOING RAJEUNISSANT<\/span><\/p>","protected":false},"featured_media":29076,"comment_status":"open","ping_status":"closed","template":"","meta":{"_et_pb_use_builder":"","_et_pb_old_content":"","_et_gb_content_width":""},"product_brand":[],"product_cat":[36,31],"product_tag":[],"class_list":{"0":"post-28987","1":"product","2":"type-product","3":"status-publish","4":"has-post-thumbnail","6":"product_cat-everyday-maintenance","7":"product_cat-instant-hair-therapy","9":"first","10":"instock","11":"sale","12":"taxable","13":"shipping-taxable","14":"purchasable","15":"product-type-simple"},"_links":{"self":[{"href":"http:\/\/keraspa.com\/fr\/wp-json\/wp\/v2\/product\/28987","targetHints":{"allow":["GET"]}}],"collection":[{"href":"http:\/\/keraspa.com\/fr\/wp-json\/wp\/v2\/product"}],"about":[{"href":"http:\/\/keraspa.com\/fr\/wp-json\/wp\/v2\/types\/product"}],"replies":[{"embeddable":true,"href":"http:\/\/keraspa.com\/fr\/wp-json\/wp\/v2\/comments?post=28987"}],"wp:featuredmedia":[{"embeddable":true,"href":"http:\/\/keraspa.com\/fr\/wp-json\/wp\/v2\/media\/29076"}],"wp:attachment":[{"href":"http:\/\/keraspa.com\/fr\/wp-json\/wp\/v2\/media?parent=28987"}],"wp:term":[{"taxonomy":"product_brand","embeddable":true,"href":"http:\/\/keraspa.com\/fr\/wp-json\/wp\/v2\/product_brand?post=28987"},{"taxonomy":"product_cat","embeddable":true,"href":"http:\/\/keraspa.com\/fr\/wp-json\/wp\/v2\/product_cat?post=28987"},{"taxonomy":"product_tag","embeddable":true,"href":"http:\/\/keraspa.com\/fr\/wp-json\/wp\/v2\/product_tag?post=28987"}],"curies":[{"name":"wp","href":"https:\/\/api.w.org\/{rel}","templated":true}]}}