{"id":28985,"date":"2024-05-15T07:20:51","date_gmt":"2024-05-15T07:20:51","guid":{"rendered":"https:\/\/keraspa.com\/?post_type=product&#038;p=28985"},"modified":"2024-09-22T13:52:13","modified_gmt":"2024-09-22T13:52:13","slug":"fluide-amazon-50-ml-1-70-oz","status":"publish","type":"product","link":"http:\/\/keraspa.com\/fr\/produit\/fluide-amazon-50-ml-1-70-oz\/","title":{"rendered":"Fluide Amazon 50 Ml.\/ 1.70 Oz"},"content":{"rendered":"<h4><em>Quelle est la diff\u00e9rence entre une huile et un s\u00e9rum?<\/em><\/h4>\n<ul>\n<li>Le revitalisant KeraSpa est sp\u00e9cialement con\u00e7u pour entretenir les traitements de lissage, les cheveux liss\u00e9s et color\u00e9s. Il contient des nutriments hydratants sp\u00e9ciaux qui ont une action d\u00e9m\u00ealante sup\u00e9rieure tout en rendant les cheveux lisses et soyeux<\/li>\n<li>Des extraits \u00e9mollients naturels et non gras ont \u00e9t\u00e9 ajout\u00e9s qui p\u00e9n\u00e8trent dans la tige du cheveu et scellent les cuticules pour contr\u00f4ler les frisottis. Les cheveux sont naturellement doux, fluides et faciles \u00e0 coiffer<\/li>\n<\/ul>\n<h4>AMAZON<\/h4>\n<p>Le fluide Amazon est un s\u00e9rum qui p\u00e9n\u00e8tre et\nrestructure l\u2019\u00e9lasticit\u00e9 naturelle des cheveux, les\nlaissant doux et ultra brillants. Une concentration\nd\u2019huile de Babassu, d\u2019\u00e9mollients, d\u2019hydratants et\nd\u2019ingr\u00e9dients revitalisants, convient \u00e0 tous les types\nde cheveux mais surtout aux cheveux secs et aux\npointes fourchues. Aligne les cuticules et r\u00e9pare les\npointes endommag\u00e9es.<\/p>\n<p><strong>Mode d\u2019emplo:<\/strong> Apply on wet or dry hair a few drops of Serum in the palm, spread between both hands and rub the hair until complete absorption.<\/p>","protected":false},"excerpt":{"rendered":"<p><span data-sheets-root=\"1\" data-sheets-value=\"{&quot;1&quot;:2,&quot;2&quot;:&quot;HAIR SERUM &quot;}\" data-sheets-userformat=\"{&quot;2&quot;:521,&quot;3&quot;:{&quot;1&quot;:0},&quot;6&quot;:{&quot;1&quot;:[{&quot;1&quot;:2,&quot;2&quot;:0,&quot;5&quot;:{&quot;1&quot;:2,&quot;2&quot;:0}},{&quot;1&quot;:0,&quot;2&quot;:0,&quot;3&quot;:3},{&quot;1&quot;:1,&quot;2&quot;:0,&quot;4&quot;:1}]},&quot;12&quot;:0}\">HAIR SERUM <\/span><\/p>\n","protected":false},"featured_media":29083,"comment_status":"open","ping_status":"closed","template":"","meta":{"_et_pb_use_builder":"","_et_pb_old_content":"","_et_gb_content_width":""},"product_brand":[],"product_cat":[36],"product_tag":[],"class_list":{"0":"post-28985","1":"product","2":"type-product","3":"status-publish","4":"has-post-thumbnail","6":"product_cat-everyday-maintenance","8":"first","9":"instock","10":"sale","11":"taxable","12":"shipping-taxable","13":"purchasable","14":"product-type-simple"},"_links":{"self":[{"href":"http:\/\/keraspa.com\/fr\/wp-json\/wp\/v2\/product\/28985","targetHints":{"allow":["GET"]}}],"collection":[{"href":"http:\/\/keraspa.com\/fr\/wp-json\/wp\/v2\/product"}],"about":[{"href":"http:\/\/keraspa.com\/fr\/wp-json\/wp\/v2\/types\/product"}],"replies":[{"embeddable":true,"href":"http:\/\/keraspa.com\/fr\/wp-json\/wp\/v2\/comments?post=28985"}],"wp:featuredmedia":[{"embeddable":true,"href":"http:\/\/keraspa.com\/fr\/wp-json\/wp\/v2\/media\/29083"}],"wp:attachment":[{"href":"http:\/\/keraspa.com\/fr\/wp-json\/wp\/v2\/media?parent=28985"}],"wp:term":[{"taxonomy":"product_brand","embeddable":true,"href":"http:\/\/keraspa.com\/fr\/wp-json\/wp\/v2\/product_brand?post=28985"},{"taxonomy":"product_cat","embeddable":true,"href":"http:\/\/keraspa.com\/fr\/wp-json\/wp\/v2\/product_cat?post=28985"},{"taxonomy":"product_tag","embeddable":true,"href":"http:\/\/keraspa.com\/fr\/wp-json\/wp\/v2\/product_tag?post=28985"}],"curies":[{"name":"wp","href":"https:\/\/api.w.org\/{rel}","templated":true}]}}