{"id":28981,"date":"2024-05-15T07:10:58","date_gmt":"2024-05-15T07:10:58","guid":{"rendered":"https:\/\/keraspa.com\/?post_type=product&#038;p=28981"},"modified":"2024-09-22T13:49:47","modified_gmt":"2024-09-22T13:49:47","slug":"kera-shampoo-s-300-ml-10-oz","status":"publish","type":"product","link":"http:\/\/keraspa.com\/fr\/produit\/kera-shampoo-s-300-ml-10-oz\/","title":{"rendered":"Kera Shampoo S + 300 Ml \/ 10 Oz"},"content":{"rendered":"<p><strong>Sans sulfate. Sans parab\u00e8ne. Sans sel. Prot\u00e8ge la couleur de vos cheveux<\/strong><\/p>\n<p>Ce shampooing est sp\u00e9cialement con\u00e7u pour\nentretenir les traitements lissants (cheveux liss\u00e9s ou\ncolor\u00e9s). La combinaison de prot\u00e9ines p\u00e9n\u00e8tre dans\nla tige des cheveux, fournissant l\u2019hydratation n\u00e9cessaire\npour renforcer les cheveux tout en favorisant la brillance.\nLes extraits min\u00e9raux d\u00e9riv\u00e9s de la mer nourrissent et\nadoucissent les cheveux permettant de conserver leur\nhydratation, les cheveux deviennent plus imperm\u00e9ables\naux intemp\u00e9ries tout en prot\u00e9geant les cuticules des\ncheveux. Les cheveux deviennent faciles \u00e0 coiffer.\nN\u2019endommage pas votre couleur<\/p>","protected":false},"excerpt":{"rendered":"<p><span data-sheets-root=\"1\" data-sheets-value=\"{&quot;1&quot;:2,&quot;2&quot;:&quot;ANTI FRIZZ SHAMPOO&quot;}\" data-sheets-userformat=\"{&quot;2&quot;:517,&quot;3&quot;:{&quot;1&quot;:0},&quot;5&quot;:{&quot;1&quot;:[{&quot;1&quot;:2,&quot;2&quot;:0,&quot;5&quot;:{&quot;1&quot;:2,&quot;2&quot;:0}},{&quot;1&quot;:0,&quot;2&quot;:0,&quot;3&quot;:3},{&quot;1&quot;:1,&quot;2&quot;:0,&quot;4&quot;:1}]},&quot;12&quot;:0}\">ANTI FRIZZ SHAMPOO<\/span><\/p>\n","protected":false},"featured_media":29084,"comment_status":"open","ping_status":"closed","template":"","meta":{"_et_pb_use_builder":"","_et_pb_old_content":"","_et_gb_content_width":""},"product_brand":[],"product_cat":[36],"product_tag":[],"class_list":{"0":"post-28981","1":"product","2":"type-product","3":"status-publish","4":"has-post-thumbnail","6":"product_cat-everyday-maintenance","8":"first","9":"instock","10":"sale","11":"taxable","12":"shipping-taxable","13":"purchasable","14":"product-type-simple"},"_links":{"self":[{"href":"http:\/\/keraspa.com\/fr\/wp-json\/wp\/v2\/product\/28981","targetHints":{"allow":["GET"]}}],"collection":[{"href":"http:\/\/keraspa.com\/fr\/wp-json\/wp\/v2\/product"}],"about":[{"href":"http:\/\/keraspa.com\/fr\/wp-json\/wp\/v2\/types\/product"}],"replies":[{"embeddable":true,"href":"http:\/\/keraspa.com\/fr\/wp-json\/wp\/v2\/comments?post=28981"}],"wp:featuredmedia":[{"embeddable":true,"href":"http:\/\/keraspa.com\/fr\/wp-json\/wp\/v2\/media\/29084"}],"wp:attachment":[{"href":"http:\/\/keraspa.com\/fr\/wp-json\/wp\/v2\/media?parent=28981"}],"wp:term":[{"taxonomy":"product_brand","embeddable":true,"href":"http:\/\/keraspa.com\/fr\/wp-json\/wp\/v2\/product_brand?post=28981"},{"taxonomy":"product_cat","embeddable":true,"href":"http:\/\/keraspa.com\/fr\/wp-json\/wp\/v2\/product_cat?post=28981"},{"taxonomy":"product_tag","embeddable":true,"href":"http:\/\/keraspa.com\/fr\/wp-json\/wp\/v2\/product_tag?post=28981"}],"curies":[{"name":"wp","href":"https:\/\/api.w.org\/{rel}","templated":true}]}}